{"id":1327,"date":"2022-01-10T10:33:49","date_gmt":"2022-01-10T09:33:49","guid":{"rendered":"http:\/\/wordpress.wfp-design.com\/?page_id=1327"},"modified":"2022-03-28T14:06:16","modified_gmt":"2022-03-28T12:06:16","slug":"meinungen","status":"publish","type":"page","link":"https:\/\/wordpress.wfp-design.com\/en\/meinungen\/","title":{"rendered":"Meinungen"},"content":{"rendered":"\n<div class=\"wp-block-stackable-spacer stk-block-spacer stk--no-padding stk-block stk-bd94c7f\" data-block-id=\"bd94c7f\"><\/div>\n\n\n\n<div class=\"wp-block-group\"><div class=\"wp-block-group__inner-container is-layout-flow wp-block-group-is-layout-flow\">\n<div class=\"wp-block-stackable-columns stk-block-columns stk-block stk-5c40ba8\" data-block-id=\"5c40ba8\"><style>@media screen and (max-width:1023px){.stk-5c40ba8-column{--stk-column-gap:0px !important;row-gap:0px !important}}<\/style><div class=\"stk-row stk-inner-blocks stk-block-content stk-content-align stk-5c40ba8-column\">\n<div class=\"wp-block-stackable-column stk-block-column stk-column stk-block stk-6ef40b6\" data-block-id=\"6ef40b6\"><style>@media screen and (min-width:768px){.stk-6ef40b6{flex:1 1 calc(22.5% - var(--stk-column-gap,0px) * 2 \/ 3 ) !important}}@media screen and (min-width:768px) and (max-width:1023px){.stk-6ef40b6{flex:0 1 calc(12.5% - var(--stk-column-gap,0px) * 1 \/ 2 ) !important}}<\/style><div class=\"stk-column-wrapper stk-block-column__content stk-container stk-6ef40b6-container stk--no-background stk--no-padding\"><div class=\"stk-block-content stk-inner-blocks\"><\/div><\/div><\/div>\n\n\n\n<div class=\"wp-block-stackable-column stk-block-column stk-column stk-block stk-d52947e\" data-block-id=\"d52947e\"><style>@media screen and (min-width:768px){.stk-d52947e{flex:1 1 calc(55% - var(--stk-column-gap,0px) * 2 \/ 3 ) !important}}@media screen and (min-width:768px) and (max-width:1023px){.stk-d52947e{flex:0 1 calc(75% - var(--stk-column-gap,0px) * 1 \/ 2 ) !important}}.stk-d52947e-container{background-color:transparent !important;background-image:url(http:\/\/wordpress.wfp-design.com\/wp-content\/uploads\/2022\/01\/textur_vita4.png) !important;background-repeat:repeat !important;background-size:auto !important;background-blend-mode:normal !important}.stk-d52947e-container:before{background-color:transparent !important;opacity:0.5 !important}.stk-d52947e .stk-block-column__content{padding-top:50px !important;padding-right:50px !important;padding-bottom:50px !important;padding-left:50px !important}.stk-d52947e-container{margin-top:0px !important;margin-right:0px !important;margin-bottom:0px !important;margin-left:0px !important}<\/style><div class=\"stk-column-wrapper stk-block-column__content stk-container stk-d52947e-container stk-hover-parent stk--has-background-overlay\"><div class=\"stk-block-content stk-inner-blocks\">\n<p class=\"has-palette-color-4-color has-text-color\">&#8220;Nirgendwo anders hatte ich mit einem Instrumentenbauer einen derart intensiven fachlichen, suchenden, vision\u00e4ren und praktischen Austausch vor, w\u00e4hrend und nach dem Entstehungsprozess der von mir bestellten Instrumente.&#8221; (<span class=\"popup-trigger popmake-2558\" data-popup-id=\"2558\" data-do-default=\"0\"><span style=\"color: #01b1ab;\" class=\"stk-highlight\"><strong>eng.<\/strong><\/span><\/span>)<\/p>\n\n\n\n<p class=\"has-text-align-right has-palette-color-4-color has-text-color\"><em>Martin Erhardt, Halle<\/em><\/p>\n\n\n\n<p><\/p>\n\n\n\n<p class=\"has-palette-color-4-color has-text-color\">!Hohe Musikalit\u00e4t, fachliche Neugier, professioneller Perfektionismus, Liebe zum Instrument, alles geht Hand in Hand beim Orgelbau von Marcus Stahl. Und das Resultat ist f\u00fcr die Finger sowie f\u00fcr die Ohren ein grosser Genuss und eine grosse Inspiration!! (<span class=\"popup-trigger popmake-2560\" data-popup-id=\"2560\" data-do-default=\"0\"><strong><span style=\"color: #01b1ab;\" class=\"stk-highlight\">eng<\/span><span style=\"color: #61f8b0;\" class=\"stk-highlight\">.<\/span><\/strong><\/span>)<\/p>\n\n\n\n<p class=\"has-text-align-right has-palette-color-4-color has-text-color\"><em>Bine Bryndorf, Kopenhagen<\/em><\/p>\n\n\n\n<p><\/p>\n\n\n\n<p class=\"has-palette-color-4-color has-text-color\">\u201cOrgan building, like other crafts offers a wide range of endeavor. There are the giants with many people working who have the muscle to install that concert hall giant. On the other end is a very special builder who works alone , to create an instrument of personal identity and musicality that is inseparable from the maker. Marcus Stahl dwells in that place.\u201d<\/p>\n\n\n\n<p class=\"has-text-align-right has-palette-color-4-color has-text-color\"><em>John Hanson Boody, Taylor and Boody, Staunton, USA<\/em><\/p>\n\n\n\n<p><\/p>\n\n\n\n<p class=\"has-palette-color-4-color has-text-color\">&#8220;Von Marcus gebaute Instrumente spiegeln perfekt den Geist des alten Klangs wider. Ich wei\u00df nicht, durch welches Wunder, aber wahrscheinlich erlaubt seine Pers\u00f6nlichkeit die Schaffung einer h\u00f6chst inspirierenden Klangschicht der Instrumente, die er baut, die ich nur mit den besten historischen Orgeln vergleichen kann. Kurzum, Musik auf seinen Instrumenten zu spielen ist nicht nur eine Ehre, sondern auch eine lebendige Erfahrung eines reichen Klangs, der meiner Meinung nach der Haupttreiber f\u00fcr wahre und beseelte Interpretationen ist.&#8221; (<span class=\"popup-trigger popmake-2561\" data-popup-id=\"2561\" data-do-default=\"0\"><strong><span style=\"color: #01b1ab;\" class=\"stk-highlight\">eng.<\/span><\/strong><\/span>)<\/p>\n\n\n\n<p class=\"has-text-align-right has-palette-color-4-color has-text-color\">Dr. Filip Presseisen, Krakau<\/p>\n\n\n\n<p><\/p>\n\n\n\n<p class=\"has-palette-color-4-color has-text-color\">&#8220;Marcus Stahl is a highly imaginative organ builder, whose instruments sound vivid and lively, yet vocal and rich in colours. Apart from solo and continuo playing, his organs are also a wonderful source of inspiration for improvisation in both early and modern styles.&#8221;<\/p>\n\n\n\n<p class=\"has-text-align-right has-palette-color-4-color has-text-color\"><em>Prof. Jeremy Joseph, Wien<\/em><\/p>\n\n\n\n<p><\/p>\n\n\n\n<p class=\"has-palette-color-4-color has-text-color\">&#8220;Die Instrumente von Marcus Stahl bringen f\u00fcr mich im besten Sinne die Orgel zu sich selbst. Auf das Wesentliche reduziert, prahlen sie nicht mit Gr\u00f6\u00dfe, sondern offenbaren einen Kosmos an M\u00f6glichkeiten aus dem innersten Wesen ihres Klanges heraus. Von immer neuen Schattierungen eines jeden Einzelregisters \u00fcberrascht, muss ich mich jedes Mal besinnen: wozu gab es nochmal gro\u00dfe Orgeln&#8230;?&#8221; (<span class=\"popup-trigger popmake-2562\" data-popup-id=\"2562\" data-do-default=\"0\"><strong><span style=\"color: #01b1ab;\" class=\"stk-highlight\">eng.<\/span><\/strong><\/span>)<\/p>\n\n\n\n<p class=\"has-text-align-right has-palette-color-4-color has-text-color\"><em>Jan Katzschke, Neustadt bei Hannover<\/em><\/p>\n\n\n\n<p><\/p>\n\n\n\n<p class=\"has-palette-color-4-color has-text-color\">&#8220;One often encounters small organs made with too little care or ambition. Yet, built with dedication and empathy, as well as creative use of traditional organbuilding methods, even the smallest organ can be rich and complex, full of joys and secrets. An instrument which invites you to explore music and playing in new ways. Through a rewarding exchange of ideas, Marcus has made a house organ for us in which we recognize these qualities.&#8221;<\/p>\n\n\n\n<p class=\"has-text-align-right has-palette-color-4-color has-text-color\"><em>Julie &amp; Mads Damlund, Kopenhagen<\/em><\/p>\n<\/div><\/div><\/div>\n\n\n\n<div class=\"wp-block-stackable-column stk-block-column stk-column stk-block stk-d2ea2fa\" data-block-id=\"d2ea2fa\"><style>@media screen and (min-width:768px){.stk-d2ea2fa{flex:1 1 calc(22.5% - var(--stk-column-gap,0px) * 2 \/ 3 ) !important}}@media screen and (min-width:768px) and (max-width:1023px){.stk-d2ea2fa{flex:0 1 calc(22.5% - var(--stk-column-gap,0px) * 0 \/ 1 ) !important}}<\/style><div class=\"stk-column-wrapper stk-block-column__content stk-container stk-d2ea2fa-container stk--no-background stk--no-padding\"><div class=\"stk-block-content stk-inner-blocks\"><\/div><\/div><\/div>\n<\/div><\/div>\n<\/div><\/div>\n","protected":false},"excerpt":{"rendered":"<p>&#8220;Nirgendwo anders hatte ich mit einem Instrumentenbauer einen derart intensiven fachlichen, suchenden, vision\u00e4ren und praktischen Austausch vor, w\u00e4hrend und nach dem Entstehungsprozess der von mir bestellten Instrumente.&#8221; (eng.) Martin Erhardt, Halle !Hohe Musikalit\u00e4t, fachliche Neugier, professioneller Perfektionismus, Liebe zum Instrument, alles geht Hand in Hand beim Orgelbau von Marcus Stahl. Und das Resultat ist f\u00fcr die Finger sowie f\u00fcr die Ohren ein grosser Genuss und eine grosse Inspiration!! (eng.) Bine Bryndorf, Kopenhagen \u201cOrgan building, like other crafts offers a wide range of endeavor. There are the giants with many people working who have the muscle to install that concert hall\u2026<\/p>\n","protected":false},"author":1,"featured_media":0,"parent":0,"menu_order":0,"comment_status":"closed","ping_status":"closed","template":"","meta":{"pgc_sgb_lightbox_settings":"","footnotes":""},"class_list":["post-1327","page","type-page","status-publish","hentry"],"blocksy_meta":{"styles_descriptor":{"styles":{"desktop":"[data-prefix=\"single_page\"] {background-position:0% 0%;background-size:cover;background-attachment:fixed;background-repeat:no-repeat;background-color:#ffffff;background-image:linear-gradient(rgba(0, 0, 0, 0.2), rgba(0, 0, 0, 0.2)), url(http:\/\/wordpress.wfp-design.com\/wp-content\/uploads\/2022\/01\/Hintergrund_referenzen-scaled.jpg);}","tablet":"","mobile":""},"google_fonts":[],"version":4},"page_title_panel":"","has_hero_section":"disabled","ece887bc73f4605e152984ee4512159a":"","hero_section":"type-1","hero_elements":[{"id":"custom_title","enabled":true,"heading_tag":"h1","title":"Startseite"},{"id":"custom_description","enabled":true,"description_visibility":{"desktop":true,"tablet":true,"mobile":false}},{"id":"custom_meta","enabled":false,"meta_elements":[{"id":"author","enabled":true,"label":"Von","has_author_avatar":"yes","avatar_size":25},{"id":"post_date","enabled":true,"label":"Am","date_format_source":"default","date_format":"M j, Y"},{"id":"updated_date","enabled":false,"label":"Am","date_format_source":"default","date_format":"M j, Y"},{"id":"categories","enabled":false,"label":"In","style":"simple"},{"id":"comments","enabled":true}],"page_meta_elements":{"joined":true,"articles_count":true,"comments":true}},{"id":"breadcrumbs","enabled":false}],"3f5699d57425efbc483b6906cc83ebdc":"","hero_alignment1":"CT_CSS_SKIP_RULE","hero_margin":40,"hero_alignment2":"center","hero_vertical_alignment":"center","3ec7f5dcac678c2465f3a866e515a77c":"","hero_structure":"narrow","2f589c2b93e9ec206a919ffeba6dc292":"","page_title_bg_type":"featured_image","custom_hero_background":{"attachment_id":null},"parallax":{"desktop":false,"tablet":false,"mobile":false},"b6f6cc9bd075e63f7ecf17d896237abd":"","hero_height":"250px","pageTitleFont":{"family":"Default","variation":"Default","size":"30px","line-height":"CT_CSS_SKIP_RULE","letter-spacing":"CT_CSS_SKIP_RULE","text-transform":"CT_CSS_SKIP_RULE","text-decoration":"CT_CSS_SKIP_RULE"},"pageTitleFontColor":{"default":{"color":"CT_CSS_SKIP_RULEDEFAULT"}},"pageMetaFont":{"family":"Default","variation":"n6","size":"12px","line-height":"1.3","letter-spacing":"CT_CSS_SKIP_RULE","text-transform":"uppercase","text-decoration":"CT_CSS_SKIP_RULE"},"pageMetaFontColor":{"default":{"color":"CT_CSS_SKIP_RULEDEFAULT"},"hover":{"color":"CT_CSS_SKIP_RULEDEFAULT"}},"page_meta_button_type_font_colors":{"default":{"color":"CT_CSS_SKIP_RULEDEFAULT"},"hover":{"color":"CT_CSS_SKIP_RULEDEFAULT"}},"page_meta_button_type_background_colors":{"default":{"color":"CT_CSS_SKIP_RULEDEFAULT"},"hover":{"color":"CT_CSS_SKIP_RULEDEFAULT"}},"pageExcerptFont":{"family":"Default","variation":"Default","size":"CT_CSS_SKIP_RULE","line-height":"CT_CSS_SKIP_RULE","letter-spacing":"CT_CSS_SKIP_RULE","text-transform":"CT_CSS_SKIP_RULE","text-decoration":"CT_CSS_SKIP_RULE"},"pageExcerptColor":{"default":{"color":"CT_CSS_SKIP_RULEDEFAULT"}},"breadcrumbsFont":{"family":"Default","variation":"Default","size":"CT_CSS_SKIP_RULE","line-height":"CT_CSS_SKIP_RULE","letter-spacing":"CT_CSS_SKIP_RULE","text-transform":"CT_CSS_SKIP_RULE","text-decoration":"CT_CSS_SKIP_RULE"},"breadcrumbsFontColor":{"default":{"color":"CT_CSS_SKIP_RULEDEFAULT"},"initial":{"color":"CT_CSS_SKIP_RULEDEFAULT"},"hover":{"color":"CT_CSS_SKIP_RULEDEFAULT"}},"pageTitleOverlay":{"background_type":"color","background_pattern":"type-1","background_image":{"attachment_id":null,"x":0,"y":0},"gradient":"linear-gradient(135deg,rgba(6,147,227,1) 0%,rgb(155,81,224) 100%)","background_repeat":"repeat","background_size":"auto","background_attachment":"scroll","patternColor":{"default":{"color":"#e5e7ea"}},"overlayColor":{"default":{"color":"CT_CSS_SKIP_RULE"}},"backgroundColor":{"default":{"color":"CT_CSS_SKIP_RULE"}}},"pageTitleBackground":{"background_type":"color","background_pattern":"type-1","background_image":{"attachment_id":null,"x":0,"y":0},"gradient":"linear-gradient(135deg,rgba(6,147,227,1) 0%,rgb(155,81,224) 100%)","background_repeat":"repeat","background_size":"auto","background_attachment":"scroll","patternColor":{"default":{"color":"#e5e7ea"}},"overlayColor":{"default":{"color":"CT_CSS_SKIP_RULE"}},"backgroundColor":{"default":{"color":"var(--paletteColor6)"}}},"pageTitlePadding":{"top":"50px","bottom":"50px","left":"auto","right":"auto","linked":true},"5a2bbb8dcf8b7ce6ce43f9ad942344eb":"","page_structure_type":"default","814afe0665eea7676d602ed7e582fa93":"","content_style_source":"inherit","content_style":"wide","vertical_spacing_source":"inherit","content_area_spacing":"both","background":{"background_type":{"background_type":"image","background_pattern":"type-7","background_image":{"attachment_id":1332,"x":0,"y":"0.00","url":"http:\/\/wordpress.wfp-design.com\/wp-content\/uploads\/2022\/01\/Hintergrund_referenzen-1024x768.jpg"},"gradient":"linear-gradient(135deg,rgba(6,147,227,1) 0%,rgb(155,81,224) 100%)","background_repeat":"no-repeat","background_size":"cover","background_attachment":"fixed","patternColor":{"default":{"color":"#e5e7ea"}},"overlayColor":{"default":{"color":"rgba(0, 0, 0, 0.2)"}},"backgroundColor":{"default":{"color":"#ffffff"}}},"background_pattern":{"background_type":"image","background_pattern":"type-7","background_image":{"attachment_id":1332,"x":0,"y":"0.00","url":"http:\/\/wordpress.wfp-design.com\/wp-content\/uploads\/2022\/01\/Hintergrund_referenzen-1024x768.jpg"},"gradient":"linear-gradient(135deg,rgba(6,147,227,1) 0%,rgb(155,81,224) 100%)","background_repeat":"no-repeat","background_size":"cover","background_attachment":"fixed","patternColor":{"default":{"color":"#e5e7ea"}},"overlayColor":{"default":{"color":"rgba(0, 0, 0, 0.2)"}},"backgroundColor":{"default":{"color":"#ffffff"}}},"background_image":{"background_type":"image","background_pattern":"type-7","background_image":{"attachment_id":1332,"x":0,"y":"0.00","url":"http:\/\/wordpress.wfp-design.com\/wp-content\/uploads\/2022\/01\/Hintergrund_referenzen-1024x768.jpg"},"gradient":"linear-gradient(135deg,rgba(6,147,227,1) 0%,rgb(155,81,224) 100%)","background_repeat":"no-repeat","background_size":"cover","background_attachment":"fixed","patternColor":{"default":{"color":"#e5e7ea"}},"overlayColor":{"default":{"color":"rgba(0, 0, 0, 0.2)"}},"backgroundColor":{"default":{"color":"#ffffff"}}},"gradient":{"background_type":"image","background_pattern":"type-7","background_image":{"attachment_id":1332,"x":0,"y":"0.00","url":"http:\/\/wordpress.wfp-design.com\/wp-content\/uploads\/2022\/01\/Hintergrund_referenzen-1024x768.jpg"},"gradient":"linear-gradient(135deg,rgba(6,147,227,1) 0%,rgb(155,81,224) 100%)","background_repeat":"no-repeat","background_size":"cover","background_attachment":"fixed","patternColor":{"default":{"color":"#e5e7ea"}},"overlayColor":{"default":{"color":"rgba(0, 0, 0, 0.2)"}},"backgroundColor":{"default":{"color":"#ffffff"}}},"background_repeat":{"background_type":"image","background_pattern":"type-7","background_image":{"attachment_id":1332,"x":0,"y":"0.00","url":"http:\/\/wordpress.wfp-design.com\/wp-content\/uploads\/2022\/01\/Hintergrund_referenzen-1024x768.jpg"},"gradient":"linear-gradient(135deg,rgba(6,147,227,1) 0%,rgb(155,81,224) 100%)","background_repeat":"no-repeat","background_size":"cover","background_attachment":"fixed","patternColor":{"default":{"color":"#e5e7ea"}},"overlayColor":{"default":{"color":"rgba(0, 0, 0, 0.2)"}},"backgroundColor":{"default":{"color":"#ffffff"}}},"background_size":{"background_type":"image","background_pattern":"type-7","background_image":{"attachment_id":1332,"x":0,"y":"0.00","url":"http:\/\/wordpress.wfp-design.com\/wp-content\/uploads\/2022\/01\/Hintergrund_referenzen-1024x768.jpg"},"gradient":"linear-gradient(135deg,rgba(6,147,227,1) 0%,rgb(155,81,224) 100%)","background_repeat":"no-repeat","background_size":"cover","background_attachment":"fixed","patternColor":{"default":{"color":"#e5e7ea"}},"overlayColor":{"default":{"color":"rgba(0, 0, 0, 0.2)"}},"backgroundColor":{"default":{"color":"#ffffff"}}},"background_attachment":{"background_type":"image","background_pattern":"type-7","background_image":{"attachment_id":1332,"x":0,"y":"0.00","url":"http:\/\/wordpress.wfp-design.com\/wp-content\/uploads\/2022\/01\/Hintergrund_referenzen-1024x768.jpg"},"gradient":"linear-gradient(135deg,rgba(6,147,227,1) 0%,rgb(155,81,224) 100%)","background_repeat":"no-repeat","background_size":"cover","background_attachment":"fixed","patternColor":{"default":{"color":"#e5e7ea"}},"overlayColor":{"default":{"color":"rgba(0, 0, 0, 0.2)"}},"backgroundColor":{"default":{"color":"#ffffff"}}},"patternColor":{"background_type":"image","background_pattern":"type-7","background_image":{"attachment_id":1332,"x":0,"y":"0.00","url":"http:\/\/wordpress.wfp-design.com\/wp-content\/uploads\/2022\/01\/Hintergrund_referenzen-1024x768.jpg"},"gradient":"linear-gradient(135deg,rgba(6,147,227,1) 0%,rgb(155,81,224) 100%)","background_repeat":"no-repeat","background_size":"cover","background_attachment":"fixed","patternColor":{"default":{"color":"#e5e7ea"}},"overlayColor":{"default":{"color":"rgba(0, 0, 0, 0.2)"}},"backgroundColor":{"default":{"color":"#ffffff"}}},"overlayColor":{"background_type":"image","background_pattern":"type-7","background_image":{"attachment_id":1332,"x":0,"y":"0.00","url":"http:\/\/wordpress.wfp-design.com\/wp-content\/uploads\/2022\/01\/Hintergrund_referenzen-1024x768.jpg"},"gradient":"linear-gradient(135deg,rgba(6,147,227,1) 0%,rgb(155,81,224) 100%)","background_repeat":"no-repeat","background_size":"cover","background_attachment":"fixed","patternColor":{"default":{"color":"#e5e7ea"}},"overlayColor":{"default":{"color":"rgba(0, 0, 0, 0.2)"}},"backgroundColor":{"default":{"color":"#ffffff"}}},"backgroundColor":{"background_type":"image","background_pattern":"type-7","background_image":{"attachment_id":1332,"x":0,"y":"0.00","url":"http:\/\/wordpress.wfp-design.com\/wp-content\/uploads\/2022\/01\/Hintergrund_referenzen-1024x768.jpg"},"gradient":"linear-gradient(135deg,rgba(6,147,227,1) 0%,rgb(155,81,224) 100%)","background_repeat":"no-repeat","background_size":"cover","background_attachment":"fixed","patternColor":{"default":{"color":"#e5e7ea"}},"overlayColor":{"default":{"color":"rgba(0, 0, 0, 0.2)"}},"backgroundColor":{"default":{"color":"#ffffff"}}},"desktop":{"background_type":"image","background_pattern":"type-7","background_image":{"attachment_id":1332,"x":0,"y":"0.00","url":"http:\/\/wordpress.wfp-design.com\/wp-content\/uploads\/2022\/01\/Hintergrund_referenzen-1024x768.jpg"},"gradient":"linear-gradient(135deg,rgba(6,147,227,1) 0%,rgb(155,81,224) 100%)","background_repeat":"no-repeat","background_size":"cover","background_attachment":"fixed","patternColor":{"default":{"color":"#e5e7ea"}},"overlayColor":{"default":{"color":"rgba(0, 0, 0, 0.2)"}},"backgroundColor":{"default":{"color":"#ffffff"}}},"tablet":{"background_type":"image","background_pattern":"type-7","background_image":{"attachment_id":1332,"x":0,"y":"0.00","url":"http:\/\/wordpress.wfp-design.com\/wp-content\/uploads\/2022\/01\/Hintergrund_referenzen-1024x768.jpg"},"gradient":"linear-gradient(135deg,rgba(6,147,227,1) 0%,rgb(155,81,224) 100%)","background_repeat":"no-repeat","background_size":"cover","background_attachment":"fixed","patternColor":{"default":{"color":"#e5e7ea"}},"overlayColor":{"default":{"color":"rgba(0, 0, 0, 0.2)"}},"backgroundColor":{"default":{"color":"#ffffff"}}},"mobile":{"background_type":"image","background_pattern":"type-7","background_image":{"attachment_id":1332,"x":0,"y":"0.00","url":"http:\/\/wordpress.wfp-design.com\/wp-content\/uploads\/2022\/01\/Hintergrund_referenzen-1024x768.jpg"},"gradient":"linear-gradient(135deg,rgba(6,147,227,1) 0%,rgb(155,81,224) 100%)","background_repeat":"no-repeat","background_size":"cover","background_attachment":"fixed","patternColor":{"default":{"color":"#e5e7ea"}},"overlayColor":{"default":{"color":"rgba(0, 0, 0, 0.2)"}},"backgroundColor":{"default":{"color":"#ffffff"}}},"__changed":[]},"content_background":{"background_type":"color","background_pattern":"type-1","background_image":{"attachment_id":null,"x":0,"y":0},"gradient":"linear-gradient(135deg,rgba(6,147,227,1) 0%,rgb(155,81,224) 100%)","background_repeat":"repeat","background_size":"auto","background_attachment":"scroll","patternColor":{"default":{"color":"#e5e7ea"}},"overlayColor":{"default":{"color":"CT_CSS_SKIP_RULE"}},"backgroundColor":{"default":{"color":"var(--paletteColor8)"}}},"content_boxed_shadow":{"inherit":false,"blur":18,"spread":-6,"v_offset":12,"h_offset":0,"inset":false,"enable":true,"color":{"color":"rgba(34, 56, 101, 0.04)"}},"boxed_content_spacing":{"desktop":{"top":"40px","bottom":"40px","left":"40px","right":"40px","linked":true},"tablet":{"top":"35px","bottom":"35px","left":"35px","right":"35px","linked":true},"mobile":{"top":"20px","bottom":"20px","left":"20px","right":"20px","linked":true}},"content_boxed_radius":{"top":"3px","bottom":"3px","left":"3px","right":"3px","linked":true},"7c18ae76686dd1c9a012e6b3c6298783":"","disable_featured_image":"no","disable_share_box":"no","disable_header":"no","disable_footer":"yes","a0e41a7f7f2dc70bfdcfd6545acf7ad3":"","d2e7a504ec57c62eea2a6ed21fa8baeb":"","8e6430782ced2ccb0d82688077a8ff44":"","74ae764e10ce6239b7fe408c29b3c3df":"","0f70c47861e586f1fdce410dadbf0fab":"","c1164e90c5c80d280d601a62f23ffef5":"","b0e5d3a868df35389d323b91a947006d":"","15f169caa525d1e7c00372f8fc0c83f7":"","c6748d15715ad35e0d664a4866e27ad3":"","ad376e11f7be10c795f10df94c091ddd":"","0fdbfad884df7f5f0de94e54f3fa976e":"","42f60b0aad982ff7509600bd2d7c2bde":"","9b46876d23f590c48ef0fca0c67d1865":"","1c6a6b242cc525d8c3885f9b891c1375":"","f96b24963fbba8f57f9f5667288089f4":"","1c78280caa4a7d58eb9ffcd8eef5fe33":"","c7ddbb08dbfd78f1c8a086fac9d5b76b":"","8006dd21c641e6d8ea5efd734d8d5de0":"","c2265f9d57b66ee288622769ac138c34":"","9c0ec7a410d41e1a7b18274897ca678f":"","67082402569283a6afefff98cc02cc50":"","43f2175e9284025462b38911c60bbc8b":"","d0c24565e75df5fb4dd1de085caf598e":"","857d8598ca0cb63b4c5bda4af66b0534":"","1f5ba4f8a2bd5049f4215ceb58bd7baf":"","a2b036415f0259a26d33b9992ee0bc1a":"","49ea7890f5d7b5a8923904336747b851":"","0cf55a5d7325b61521b0a1d0b7f2197a":"","2c4cfdaf638cd3a43fd52570b80af0ba":"","5bc32f9cbbd4f5fdf1de42c1fdbaa0a0":"","c36d33a66130886c1466bc5f5be959d8":"","c4db0e6c5131758fbafa593f57ec6271":""},"translation":{"provider":"WPGlobus","version":"2.8.11","language":"en","enabled_languages":["de","en"],"languages":{"de":{"title":true,"content":true,"excerpt":false},"en":{"title":false,"content":true,"excerpt":false}}},"featured_image_urls":{"full":"","thumbnail":"","medium":"","medium_large":"","large":"","xl":"","xxl":"","xxxl":"","xxxxl":"","xxxxxl":"","1536x1536":"","2048x2048":"","awb_sm":"","awb_md":"","awb_lg":"","awb_xl":""},"post_excerpt_stackable":"<p>&#8220;Nirgendwo anders hatte ich mit einem Instrumentenbauer einen derart intensiven fachlichen, suchenden, vision\u00e4ren und praktischen Austausch vor, w\u00e4hrend und nach dem Entstehungsprozess der von mir bestellten Instrumente.&#8221; (eng.) Martin Erhardt, Halle !Hohe Musikalit\u00e4t, fachliche Neugier, professioneller Perfektionismus, Liebe zum Instrument, alles geht Hand in Hand beim Orgelbau von Marcus Stahl. Und das Resultat ist f\u00fcr die Finger sowie f\u00fcr die Ohren ein grosser Genuss und eine grosse Inspiration!! (eng.) Bine Bryndorf, Kopenhagen \u201cOrgan building, like other crafts offers a wide range of endeavor. There are the giants with many people working who have the muscle to install that concert hall&hellip;<\/p>\n","category_list":"","author_info":{"name":"Scoon","url":"https:\/\/wordpress.wfp-design.com\/en\/author\/scoon\/"},"comments_num":"0 comments","featured_image_urls_v2":{"full":"","thumbnail":"","medium":"","medium_large":"","large":"","xl":"","xxl":"","xxxl":"","xxxxl":"","xxxxxl":"","1536x1536":"","2048x2048":"","awb_sm":"","awb_md":"","awb_lg":"","awb_xl":""},"post_excerpt_stackable_v2":"<p>&#8220;Nirgendwo anders hatte ich mit einem Instrumentenbauer einen derart intensiven fachlichen, suchenden, vision\u00e4ren und praktischen Austausch vor, w\u00e4hrend und nach dem Entstehungsprozess der von mir bestellten Instrumente.&#8221; (eng.) Martin Erhardt, Halle !Hohe Musikalit\u00e4t, fachliche Neugier, professioneller Perfektionismus, Liebe zum Instrument, alles geht Hand in Hand beim Orgelbau von Marcus Stahl. Und das Resultat ist f\u00fcr die Finger sowie f\u00fcr die Ohren ein grosser Genuss und eine grosse Inspiration!! (eng.) Bine Bryndorf, Kopenhagen \u201cOrgan building, like other crafts offers a wide range of endeavor. There are the giants with many people working who have the muscle to install that concert hall&hellip;<\/p>\n","category_list_v2":"","author_info_v2":{"name":"Scoon","url":"https:\/\/wordpress.wfp-design.com\/en\/author\/scoon\/"},"comments_num_v2":"0 comments","_links":{"self":[{"href":"https:\/\/wordpress.wfp-design.com\/en\/wp-json\/wp\/v2\/pages\/1327","targetHints":{"allow":["GET"]}}],"collection":[{"href":"https:\/\/wordpress.wfp-design.com\/en\/wp-json\/wp\/v2\/pages"}],"about":[{"href":"https:\/\/wordpress.wfp-design.com\/en\/wp-json\/wp\/v2\/types\/page"}],"author":[{"embeddable":true,"href":"https:\/\/wordpress.wfp-design.com\/en\/wp-json\/wp\/v2\/users\/1"}],"replies":[{"embeddable":true,"href":"https:\/\/wordpress.wfp-design.com\/en\/wp-json\/wp\/v2\/comments?post=1327"}],"version-history":[{"count":10,"href":"https:\/\/wordpress.wfp-design.com\/en\/wp-json\/wp\/v2\/pages\/1327\/revisions"}],"predecessor-version":[{"id":2586,"href":"https:\/\/wordpress.wfp-design.com\/en\/wp-json\/wp\/v2\/pages\/1327\/revisions\/2586"}],"wp:attachment":[{"href":"https:\/\/wordpress.wfp-design.com\/en\/wp-json\/wp\/v2\/media?parent=1327"}],"curies":[{"name":"wp","href":"https:\/\/api.w.org\/{rel}","templated":true}]}}